{"id":5902,"date":"2022-11-08T13:20:20","date_gmt":"2022-11-08T11:20:20","guid":{"rendered":"https:\/\/dzukijosdvaras.lt\/contact\/"},"modified":"2024-10-10T12:43:14","modified_gmt":"2024-10-10T10:43:14","slug":"contact","status":"publish","type":"page","link":"https:\/\/dzukijosdvaras.lt\/en\/contact\/","title":{"rendered":"CONTACT"},"content":{"rendered":"\t\t<div data-elementor-type=\"wp-page\" data-elementor-id=\"5902\" class=\"elementor elementor-5902 elementor-281\" data-elementor-post-type=\"page\">\n\t\t\t\t\t\t<section class=\"elementor-section elementor-top-section elementor-element elementor-element-f979f92 elementor-section-boxed elementor-section-height-default elementor-section-height-default\" data-id=\"f979f92\" data-element_type=\"section\">\n\t\t\t\t\t\t<div class=\"elementor-container elementor-column-gap-default\">\n\t\t\t\t\t<div class=\"elementor-column elementor-col-100 elementor-top-column elementor-element elementor-element-41ddf4d\" data-id=\"41ddf4d\" data-element_type=\"column\">\n\t\t\t<div class=\"elementor-widget-wrap elementor-element-populated\">\n\t\t\t\t\t\t<div class=\"elementor-element elementor-element-75ddc71 elementor-widget elementor-widget-text-editor\" data-id=\"75ddc71\" data-element_type=\"widget\" data-widget_type=\"text-editor.default\">\n\t\t\t\t<div class=\"elementor-widget-container\">\n\t\t\t\t\t\t\t<p>Rural tourism homestead &#8220;Dz\u016bkijos dvaras&#8221;<br>Rad\u017ei\u016bn\u0173 g. 33, Rad\u017ei\u016bn\u0173 km.,<br>Alytus district<br>Lithuania <\/p>\n<p><b><br><\/b>Tel. <a href=\"tel:+37064777506\">+370 647 77506<\/a><br>E-mail <a href=\"mailto:info@dzukijosdvaras.lt\">info@dzukijosdvaras.lt<\/a>  &nbsp;<\/p>\n<p><\/p>\t\t\t\t\t\t<\/div>\n\t\t\t\t<\/div>\n\t\t\t\t\t<\/div>\n\t\t<\/div>\n\t\t\t\t\t<\/div>\n\t\t<\/section>\n\t\t\t\t<section class=\"elementor-section elementor-top-section elementor-element elementor-element-74b8f5d elementor-section-boxed elementor-section-height-default elementor-section-height-default\" data-id=\"74b8f5d\" data-element_type=\"section\">\n\t\t\t\t\t\t<div class=\"elementor-container elementor-column-gap-default\">\n\t\t\t\t\t<div class=\"elementor-column elementor-col-100 elementor-top-column elementor-element elementor-element-4a1667b\" data-id=\"4a1667b\" data-element_type=\"column\">\n\t\t\t<div class=\"elementor-widget-wrap elementor-element-populated\">\n\t\t\t\t\t\t<div class=\"elementor-element elementor-element-49cdf84 elementor-widget elementor-widget-google_maps\" data-id=\"49cdf84\" data-element_type=\"widget\" data-widget_type=\"google_maps.default\">\n\t\t\t\t<div class=\"elementor-widget-container\">\n\t\t\t\t\t<div class=\"elementor-custom-embed\">\n\t\t\t<iframe loading=\"lazy\"\n\t\t\t\t\tsrc=\"https:\/\/maps.google.com\/maps?q=Dz%C5%ABkijos%20dvaras&#038;t=m&#038;z=10&#038;output=embed&#038;iwloc=near\"\n\t\t\t\t\ttitle=\"Dz\u016bkijos dvaras\"\n\t\t\t\t\taria-label=\"Dz\u016bkijos dvaras\"\n\t\t\t><\/iframe>\n\t\t<\/div>\n\t\t\t\t<\/div>\n\t\t\t\t<\/div>\n\t\t\t\t\t<\/div>\n\t\t<\/div>\n\t\t\t\t\t<\/div>\n\t\t<\/section>\n\t\t\t\t<section class=\"elementor-section elementor-top-section elementor-element elementor-element-375c4c5 elementor-section-boxed elementor-section-height-default elementor-section-height-default\" data-id=\"375c4c5\" data-element_type=\"section\">\n\t\t\t\t\t\t<div class=\"elementor-container elementor-column-gap-default\">\n\t\t\t\t\t<div class=\"elementor-column elementor-col-100 elementor-top-column elementor-element elementor-element-6b82b4b\" data-id=\"6b82b4b\" data-element_type=\"column\">\n\t\t\t<div class=\"elementor-widget-wrap elementor-element-populated\">\n\t\t\t\t\t\t<div class=\"elementor-element elementor-element-6f2eb95 elementor-widget elementor-widget-text-editor\" data-id=\"6f2eb95\" data-element_type=\"widget\" data-widget_type=\"text-editor.default\">\n\t\t\t\t<div class=\"elementor-widget-container\">\n\t\t\t\t\t\t\t<\/p>\n\t\t\t\t\t\t<\/div>\n\t\t\t\t<\/div>\n\t\t\t\t\t<\/div>\n\t\t<\/div>\n\t\t\t\t\t<\/div>\n\t\t<\/section>\n\t\t\t\t<\/div>\n\t\t","protected":false},"excerpt":{"rendered":"<p>Rural tourism homestead &#8220;Dz\u016bkijos dvaras&#8221;Rad\u017ei\u016bn\u0173 g. 33, Rad\u017ei\u016bn\u0173 km.,Alytus districtLithuania Tel. +370 647 77506E-mail info@dzukijosdvaras.lt &nbsp;<\/p>\n","protected":false},"author":6,"featured_media":0,"parent":0,"menu_order":0,"comment_status":"closed","ping_status":"closed","template":"","meta":{"footnotes":""},"class_list":["post-5902","page","type-page","status-publish","hentry"],"_links":{"self":[{"href":"https:\/\/dzukijosdvaras.lt\/en\/wp-json\/wp\/v2\/pages\/5902"}],"collection":[{"href":"https:\/\/dzukijosdvaras.lt\/en\/wp-json\/wp\/v2\/pages"}],"about":[{"href":"https:\/\/dzukijosdvaras.lt\/en\/wp-json\/wp\/v2\/types\/page"}],"author":[{"embeddable":true,"href":"https:\/\/dzukijosdvaras.lt\/en\/wp-json\/wp\/v2\/users\/6"}],"replies":[{"embeddable":true,"href":"https:\/\/dzukijosdvaras.lt\/en\/wp-json\/wp\/v2\/comments?post=5902"}],"version-history":[{"count":1,"href":"https:\/\/dzukijosdvaras.lt\/en\/wp-json\/wp\/v2\/pages\/5902\/revisions"}],"predecessor-version":[{"id":5903,"href":"https:\/\/dzukijosdvaras.lt\/en\/wp-json\/wp\/v2\/pages\/5902\/revisions\/5903"}],"wp:attachment":[{"href":"https:\/\/dzukijosdvaras.lt\/en\/wp-json\/wp\/v2\/media?parent=5902"}],"curies":[{"name":"wp","href":"https:\/\/api.w.org\/{rel}","templated":true}]}}